{"id":1126,"date":"2023-07-09T19:17:44","date_gmt":"2023-07-09T19:17:44","guid":{"rendered":"https:\/\/vrdresearch.com\/who-we-are\/"},"modified":"2024-06-13T05:28:07","modified_gmt":"2024-06-13T05:28:07","slug":"who-we-are","status":"publish","type":"page","link":"https:\/\/vrdresearch.com\/it\/who-we-are\/","title":{"rendered":"Who we are"},"content":{"rendered":"\n<div class=\"wp-block-group alignfull has-base-color has-text-color has-background is-layout-flow wp-block-group-is-layout-flow\" style=\"background-color:#222222\">\n<div class=\"wp-block-cover is-light has-base-color has-text-color\" style=\"padding-right:50px;padding-left:50px;min-height:60vh;aspect-ratio:unset;\"><span aria-hidden=\"true\" class=\"wp-block-cover__background has-background-dim-0 has-background-dim\"><\/span><img loading=\"lazy\" decoding=\"async\" width=\"2000\" height=\"2000\" class=\"wp-block-cover__image-background wp-image-264\" alt=\"\" src=\"https:\/\/vrdresearch.com\/wp-content\/uploads\/2023\/06\/noise-bg-2000.png\" data-object-fit=\"cover\"\/><div class=\"wp-block-cover__inner-container is-layout-constrained wp-container-core-cover-is-layout-57c1633a wp-block-cover-is-layout-constrained\">\n<div class=\"wp-block-columns are-vertically-aligned-top is-layout-flex wp-container-core-columns-is-layout-28f84493 wp-block-columns-is-layout-flex\">\n<div class=\"responsive-block-swap-hide-mobile wp-block-column is-vertically-aligned-top is-layout-flow wp-block-column-is-layout-flow\" style=\"padding-top:var(--wp--preset--spacing--70);flex-basis:20%\">\n<figure class=\"wp-block-image aligncenter size-full mt-neg-50\"><img loading=\"lazy\" decoding=\"async\" width=\"728\" height=\"742\" src=\"https:\/\/vrdresearch.com\/wp-content\/uploads\/2023\/08\/freccia-bianca-down.png\" alt=\"\" class=\"wp-image-523\"\/><\/figure>\n<\/div>\n\n\n\n<div class=\"wp-block-column is-vertically-aligned-top is-layout-flow wp-block-column-is-layout-flow\" style=\"flex-basis:80%\">\n<h1 class=\"wp-block-heading has-cover-font-size\">GET TO KNOW US<\/h1>\n<\/div>\n<\/div>\n<\/div><\/div>\n<\/div>\n\n\n\n<div class=\"wp-block-group alignfull is-layout-constrained wp-container-core-group-is-layout-ca05ae95 wp-block-group-is-layout-constrained\" id=\"our-culture\" style=\"margin-bottom:0;padding-top:var(--wp--preset--spacing--60);padding-right:var(--wp--preset--spacing--40);padding-bottom:var(--wp--preset--spacing--60);padding-left:var(--wp--preset--spacing--40)\">\n<div class=\"wp-block-columns is-layout-flex wp-container-core-columns-is-layout-56050deb wp-block-columns-is-layout-flex\" style=\"margin-top:0;margin-bottom:0;padding-top:var(--wp--preset--spacing--40);padding-bottom:var(--wp--preset--spacing--40)\">\n<div class=\"wp-block-column is-layout-flow wp-block-column-is-layout-flow\" style=\"flex-basis:40%\">\n<h2 class=\"wp-block-heading\" style=\"line-height:1\">THE COMPANY<\/h2>\n<\/div>\n\n\n\n<div class=\"wp-block-column is-layout-flow wp-block-column-is-layout-flow\">\n<p>VRD \u00e8 una <strong>societ\u00e0 di consulenza esperta nello sviluppo di progetti di Strategic and Design innovation<\/strong>. Poche persone con alto livello di professionalit\u00e0 che lavorano con aziende di tutto il mondo in un rapporto di stretta partnership. Una societ\u00e0 grande per capacit\u00e0 ma abbastanza piccola per dare a ogni progetto il tempo e un approccio personalizzato, con un team dedicato.<\/p>\n<\/div>\n<\/div>\n\n\n\n<div class=\"wp-block-columns is-layout-flex wp-container-core-columns-is-layout-7abde1fe wp-block-columns-is-layout-flex\" style=\"padding-top:var(--wp--preset--spacing--40);padding-bottom:var(--wp--preset--spacing--40)\">\n<div class=\"wp-block-column is-layout-flow wp-block-column-is-layout-flow\" style=\"flex-basis:40%\">\n<h2 class=\"wp-block-heading\" style=\"line-height:1\">THE STRUCTURE<\/h2>\n<\/div>\n\n\n\n<div class=\"wp-block-column is-layout-flow wp-block-column-is-layout-flow\">\n<p>La struttura di <strong>VRD \u00e8 a matrice piatta<\/strong>: solo prime linee che lavorano senza sistema di riporto Significa che le persone che parlano con l\u2019azienda sono le stesse che realizzano il progetto. La migliore garanzia per ottenere i migliori risultati. Il nostro team \u00e8 supportato da un network internazionale che ci permette di ridimensionare ed integrare competenze professionali al fine di configurare la miglior squadra per ogni sfida progettuale.<\/p>\n<\/div>\n<\/div>\n\n\n\n<div class=\"wp-block-columns is-layout-flex wp-container-core-columns-is-layout-7abde1fe wp-block-columns-is-layout-flex\" style=\"padding-top:var(--wp--preset--spacing--40);padding-bottom:var(--wp--preset--spacing--40)\">\n<div class=\"wp-block-column is-layout-flow wp-block-column-is-layout-flow\" style=\"flex-basis:40%\">\n<h2 class=\"wp-block-heading\" style=\"line-height:1\">THE VISION<\/h2>\n<\/div>\n\n\n\n<div class=\"wp-block-column is-layout-flow wp-block-column-is-layout-flow\">\n<p>Il nostro approccio si chiama <strong>HYPER-COLLABORATION<\/strong>. Significa coinvolgere nel progetto le persone e metterle in un nuovo, virtuoso stato di collaborazione. Stakeholder di ogni livello, managers, responsabili, collaboratori, consumatori finali, sono protagonisti di un processo di pensiero e d\u2019azione che abbatte le barriere, favorisce il cambiamento, realizza gli obiettivi di innovazione.<\/p>\n<\/div>\n<\/div>\n\n\n\n<div class=\"wp-block-columns is-layout-flex wp-container-core-columns-is-layout-7abde1fe wp-block-columns-is-layout-flex\" style=\"padding-top:var(--wp--preset--spacing--40);padding-bottom:var(--wp--preset--spacing--40)\">\n<div class=\"wp-block-column is-layout-flow wp-block-column-is-layout-flow\" style=\"flex-basis:40%\">\n<h2 class=\"wp-block-heading\" style=\"line-height:1\">VRD<\/h2>\n<\/div>\n\n\n\n<div class=\"wp-block-column is-layout-flow wp-block-column-is-layout-flow\">\n<p><strong style=\"color:#51C64F;\">#Vision. <\/strong>Attraverso il nostro processo ispiriamo il cambiamento fornendo nuove visioni strategiche del business.<\/p>\n\n\n\n<p><strong style=\"color:#51C64F;\">#Research. <\/strong>Conduciamo ricerche umanocentriche durante l&#8217;intero processo per rivelare opportunit\u00e0 e ispirare azioni.<\/p>\n\n\n\n<p><strong style=\"color:#51C64F;\">#<strong style=\"color:#51C64F;\">Design<\/strong>.<\/strong> Diamo vita alla visione attraverso la progettazione di prodotti e servizi.<\/p>\n<\/div>\n<\/div>\n<\/div>\n\n\n\n<div class=\"wp-block-group alignfull is-layout-constrained wp-container-core-group-is-layout-52009084 wp-block-group-is-layout-constrained\" style=\"padding-top:var(--wp--preset--spacing--40);padding-right:var(--wp--preset--spacing--40);padding-bottom:var(--wp--preset--spacing--40);padding-left:var(--wp--preset--spacing--40)\">\n<figure class=\"wp-block-image size-full\"><img loading=\"lazy\" decoding=\"async\" width=\"2560\" height=\"1144\" src=\"https:\/\/vrdresearch.com\/wp-content\/uploads\/2023\/10\/5-scaled.jpg\" alt=\"\" class=\"wp-image-726\"\/><\/figure>\n<\/div>\n\n\n\n<div class=\"wp-block-group alignfull margin-top-250 has-tertiary-background-color has-background is-layout-constrained wp-container-core-group-is-layout-3600ae17 wp-block-group-is-layout-constrained\" style=\"margin-bottom:0;padding-top:0;padding-right:var(--wp--preset--spacing--40);padding-bottom:250px;padding-left:var(--wp--preset--spacing--40)\"><\/div>\n\n\n\n<div class=\"wp-block-group alignfull has-tertiary-background-color has-background is-layout-constrained wp-container-core-group-is-layout-94e519ba wp-block-group-is-layout-constrained\" id=\"team\" style=\"padding-top:var(--wp--preset--spacing--80);padding-right:var(--wp--preset--spacing--40);padding-bottom:var(--wp--preset--spacing--80);padding-left:var(--wp--preset--spacing--40)\">\n<div class=\"wp-block-columns vrd-team is-layout-flex wp-container-core-columns-is-layout-28f84493 wp-block-columns-is-layout-flex\">\n<div class=\"wp-block-column is-layout-flow wp-block-column-is-layout-flow\">\n<h2 class=\"wp-block-heading has-text-align-left\">THE FOUNDERS<\/h2>\n\n\n\n<figure class=\"wp-block-image size-medium\"><img loading=\"lazy\" decoding=\"async\" width=\"264\" height=\"300\" src=\"https:\/\/vrdresearch.com\/wp-content\/uploads\/2023\/07\/freccia-down-nera-264x300.png\" alt=\"\" class=\"wp-image-285\"\/><\/figure>\n<\/div>\n\n\n\n<div class=\"wp-block-column is-layout-flow wp-block-column-is-layout-flow\">\n<figure class=\"wp-block-image size-large\"><img loading=\"lazy\" decoding=\"async\" width=\"683\" height=\"1024\" src=\"https:\/\/vrdresearch.com\/wp-content\/uploads\/2023\/09\/02_VRD_PROVA_GF7_3511-683x1024.jpg\" alt=\"\" class=\"wp-image-620\"\/><\/figure>\n\n\n\n<div class=\"wp-block-group is-vertical is-layout-flex wp-container-core-group-is-layout-fe9cc265 wp-block-group-is-layout-flex\">\n<h3 class=\"wp-block-heading has-text-align-left has-max-36-font-size\">alessandro vassallo<\/h3>\n\n\n\n<div class=\"wp-block-group is-vertical is-layout-flex wp-container-core-group-is-layout-ab79abe2 wp-block-group-is-layout-flex\" style=\"padding-top:var(--wp--preset--spacing--30);padding-bottom:var(--wp--preset--spacing--30);line-height:1\">\n<p style=\"line-height:1\">Chief Designer Officer<\/p>\n\n\n\n<p class=\"mt-neg-20\" style=\"line-height:1\">Partner<\/p>\n<\/div>\n\n\n\n<div class=\"wp-block-group is-content-justification-space-between is-nowrap is-layout-flex wp-container-core-group-is-layout-754a269d wp-block-group-is-layout-flex\">\n<div class=\"wp-block-bod-modal-block bod-block-popup align-left\"><a href=\"javascript:void(0)\" class=\"bod-block-popup-trigger type_text\">Bio_<\/a><div style=\"background-color:rgba(0, 0, 0, 0.1)\" class=\"bod-block-popup-overlay\" data-disabled-overlay-close=\"false\" data-disabled-escape-close=\"false\"><\/div><div role=\"dialog\" aria-modal=\"false\" aria-labelledby=\"\" aria-describedby=\"\" class=\"bod-block-popup-wrap undefined\"><div style=\"background-color:#ffffff;border-radius:10px \" class=\"bod-block-popup size-m\" data-transition=\"fade\"><div id=\"\" style=\"background-color:#ffffff;padding:20px ;text-align:left\" class=\"bod-modal-title\"><button type=\"button\" style=\"font-size:20px \" class=\"bod-block-title-closer\" aria-label=\"Close\"><span aria-hidden=\"true\">\u00d7<\/span><\/button><h2 style=\"color:#000000\">Bio_<\/h2><\/div> <div id=\"\" style=\"padding:20px \" class=\"bod-modal-content\">\n<p>Un visionario creativo, Alessandro \u00e8 coinvolto in ogni fase di un progetto di innovazione del design, garantendo leadership strategica e un approccio pratico dedicato. Si considera un appassionato navigatore, capace di definire il percorso, dominare la crociera e attraccare in modo efficace.<\/p>\n\n\n\n<p>Nato designer, con specializzazione in Mobilit\u00e0 Umana e Design Industriale, non ha mai limitato le sue azioni a questo, considerando tutte le forme di interazione umana come fonti di scoperta e sfide innovative. Negli ultimi 30 anni ha collaborato con aziende di tutte le dimensioni nei mercati europei, nordamericani e sudamericani, accumulando esperienze tangibili in ogni fase del processo di design, dal design di prodotti e servizi all&#8217;interazione digitale.<\/p>\n\n\n\n<p>Alessandro ha vissuto in molti paesi, entrando in contatto con diverse culture e imparando da esse. Parla cinque lingue e non ha intenzione di limitarsi a esse, poich\u00e9 crede che l&#8217;interazione umana si arricchisca quando l&#8217;empatia \u00e8 presente.<\/p>\n<\/div> <\/div> <\/div><\/div>\n\n\n\n<p><a href=\"https:\/\/www.linkedin.com\/in\/alessandrovassallo\/?originalSubdomain=it\" data-type=\"link\" data-id=\"https:\/\/www.linkedin.com\/in\/alessandrovassallo\/?originalSubdomain=it\">Linkedin_<\/a> <\/p>\n\n\n\n<p><a href=\"mailto:alessandro@vrdresearch.com\">Contact_<\/a><\/p>\n<\/div>\n<\/div>\n<\/div>\n\n\n\n<div class=\"wp-block-column is-layout-flow wp-block-column-is-layout-flow\">\n<figure class=\"wp-block-image size-large\"><img loading=\"lazy\" decoding=\"async\" width=\"683\" height=\"1024\" src=\"https:\/\/vrdresearch.com\/wp-content\/uploads\/2023\/09\/VRD_PROVA_GF7_3511-683x1024.jpg\" alt=\"\" class=\"wp-image-548\"\/><\/figure>\n\n\n\n<div class=\"wp-block-group is-vertical is-layout-flex wp-container-core-group-is-layout-fe9cc265 wp-block-group-is-layout-flex\">\n<h3 class=\"wp-block-heading has-text-align-left has-max-36-font-size\">LUZ ROMERO<\/h3>\n\n\n\n<div class=\"wp-block-group is-vertical is-layout-flex wp-container-core-group-is-layout-ab79abe2 wp-block-group-is-layout-flex\" style=\"padding-top:var(--wp--preset--spacing--30);padding-bottom:var(--wp--preset--spacing--30);line-height:1\">\n<p style=\"line-height:1\">Strategy &amp; Research Director<\/p>\n\n\n\n<p class=\"mt-neg-20\" style=\"line-height:1\">Partner<\/p>\n<\/div>\n\n\n\n<div class=\"wp-block-group is-content-justification-space-between is-nowrap is-layout-flex wp-container-core-group-is-layout-754a269d wp-block-group-is-layout-flex\">\n<div class=\"wp-block-bod-modal-block bod-block-popup align-left\"><a href=\"javascript:void(0)\" class=\"bod-block-popup-trigger type_text\">Bio_<\/a><div style=\"background-color:rgba(0, 0, 0, 0.1)\" class=\"bod-block-popup-overlay\" data-disabled-overlay-close=\"false\" data-disabled-escape-close=\"false\"><\/div><div role=\"dialog\" aria-modal=\"false\" aria-labelledby=\"\" aria-describedby=\"\" class=\"bod-block-popup-wrap undefined\"><div style=\"background-color:#ffffff;border-radius:10px \" class=\"bod-block-popup size-m\" data-transition=\"fade\"><div id=\"\" style=\"background-color:#ffffff;padding:20px ;text-align:left\" class=\"bod-modal-title\"><button type=\"button\" style=\"font-size:20px \" class=\"bod-block-title-closer\" aria-label=\"Close\"><span aria-hidden=\"true\">\u00d7<\/span><\/button><h2 style=\"color:#000000\">Bio_<\/h2><\/div> <div id=\"\" style=\"padding:20px \" class=\"bod-modal-content\">\n<p>Partecipazione. Innovazione. Costruzione di significato. Questi sono i valori che guidano Luz nella sua ricerca di consolidare un cambiamento positivo. Con un talento per il pensiero sistemico, \u00e8 abilmente in grado di comprendere scenari e definire le azioni strategiche che traducono le credenze e gli obiettivi organizzativi in un linguaggio comune.<\/p>\n\n\n\n<p>Luz crede che, quando immaginazione e dati concreti si uniscono, tutto \u00e8 possibile, e ha dimostrato l&#8217;efficacia di questa formula negli ultimi 16 anni, collaborando con aziende grandi e piccole, in una vasta gamma di mercati e settori. La sua esperienza nel campo della consulenza per l&#8217;innovazione l&#8217;ha resa una risorsa ricercata per team multidisciplinari e dirigenti di alto livello.<\/p>\n\n\n\n<p>Appassionata di portare un livello maggiore di pensiero sistemico nel settore no-profit, Luz ha recentemente ampliato la sua esperienza con una specializzazione in imprenditorialit\u00e0 sociale e gestione dell&#8217;innovazione sostenibile. Di recente offre anche supporto a clienti nel settore no-profit, aiutando a rivedere i loro progetti e comunicarli attraverso presentazioni efficaci, attivando potenziali partnership basate su valori condivisi.<\/p>\n<\/div> <\/div> <\/div><\/div>\n\n\n\n<p><a href=\"https:\/\/www.linkedin.com\/in\/luzromero\/\" data-type=\"link\" data-id=\"https:\/\/www.linkedin.com\/in\/alessandrovassallo\/?originalSubdomain=it\" target=\"_blank\" rel=\"noreferrer noopener\">Linkedin_<\/a> <\/p>\n\n\n\n<p><a href=\"mailto:luz@vrdresearch.com\">Contact_<\/a><\/p>\n<\/div>\n<\/div>\n<\/div>\n<\/div>\n\n\n\n<div style=\"height:100px\" aria-hidden=\"true\" class=\"wp-block-spacer\"><\/div>\n\n\n\n<figure class=\"wp-block-image size-full\"><img loading=\"lazy\" decoding=\"async\" width=\"3844\" height=\"1866\" src=\"https:\/\/vrdresearch.com\/wp-content\/uploads\/2023\/10\/7.png\" alt=\"\" class=\"wp-image-763\"\/><\/figure>\n<\/div>\n\n\n\n<div class=\"wp-block-group alignfull has-tertiary-background-color has-background is-layout-constrained wp-container-core-group-is-layout-f21dab65 wp-block-group-is-layout-constrained\" style=\"padding-top:0;padding-right:var(--wp--preset--spacing--40);padding-bottom:var(--wp--preset--spacing--80);padding-left:var(--wp--preset--spacing--40)\">\n<h2 class=\"wp-block-heading\">awards and patents<\/h2>\n\n\n\n<p>Milano Finanza Banking Awards 2023, Innovation award for value proposition Credem WorkingCapital &#8211; ADI Design Index 2017, Relaunch of Rizzati Chocolate Brand &#8211; IF Design Award 2016, Papaiz BLACK\u00ae padlock &#8211; IF Design Award 2016, Papaiz ACTIVE\u00ae padlock &#8211; Idea Brasil Award 2013, Gold Flexfit Frames &#8211; Idea Brasil Award 2013, Highlight of the year for Micro and Small Business Innovation &#8211; Idea Brasil Award 2013, Bronze Papaiz BLACK\u00ae padlock &#8211; Idea Brasil Award 2012, Highlight of the year for Innovation Papaiz ACTIVE\u00ae &amp; NODE\u00ae padlocks &#8211; Idea Brasil Award 2012, Highlight of the year for strategy &#8211; Idea Brasil Award 2012, Gold Sport Papaiz BLACK\u00ae padlock | Idea Brasil Award 2012 &#8211; Gold Personal Accessories, Papaiz NODE\u00ae padlock &#8211; Idea Brasil Award 2012, Gold Design Strategy Papaiz NODE\u00ae padlock &#8211; Idea Brasil Award 2012, Bronze Design Strategy Papaiz WHITEBORD\u00ae padlock.<\/p>\n\n\n\n<p>Virtual window for aircraft US 2013\/0169807 &#8211; Virtual window for aircraft US US20130169807 A1 &#8211; Disposition Introduced in the Padlock US US 20120125058 A1 &#8211; Wipe assembly and method of cleaning using a wipe assembly BR BRPI0903405 (A2) &#8211; Method of cleaning using a wipe assembly US US 20100064464 A1 &#8211; Improved apparatus for preparing food, in particular by broiling EU EP20050102339 20050323 &#8211; Chair and armchair having simply replaceable woven fabric cover EU EP1290964 (A2) &#8211; Chair EU WO0176418 (A1) &#8211; Armchair US US D400365 S &#8211; Coat-stand US US D379878 S, US US D379878 S &#8211; Wheeled base for chairs, armchairs, tables, coat-stands US USD379726 S, USD383927 S.<\/p>\n\n\n\n<div class=\"wp-block-group is-vertical is-content-justification-center is-layout-flex wp-container-core-group-is-layout-d8b21f2d wp-block-group-is-layout-flex\" style=\"padding-top:var(--wp--preset--spacing--70);padding-right:var(--wp--preset--spacing--80);padding-left:var(--wp--preset--spacing--80)\">\n<h2 class=\"wp-block-heading has-text-align-center has-primary-font-family has-max-60-font-size\" style=\"text-transform:uppercase\">Saremo felici di aiutarti.<\/h2>\n\n\n\n<p><\/p>\n\n\n\n<div class=\"wp-block-buttons is-content-justification-center is-layout-flex wp-container-core-buttons-is-layout-bb659de6 wp-block-buttons-is-layout-flex\" style=\"margin-top:var(--wp--preset--spacing--50)\">\n<div class=\"wp-block-button is-style-outline is-style-outline--1\"><a class=\"wp-block-button__link wp-element-button\" href=\"https:\/\/vrdresearch.com\/it\/contatto\/\" style=\"border-radius:50px\">CONTATTACI!<\/a><\/div>\n<\/div>\n<\/div>\n<\/div>\n","protected":false},"excerpt":{"rendered":"<p>THE COMPANY VRD \u00e8 una societ\u00e0 di consulenza esperta nello sviluppo di progetti di Strategic and Design innovation. Poche persone con alto livello di professionalit\u00e0 che lavorano con aziende di tutto il mondo in un rapporto di stretta partnership. Una societ\u00e0 grande per capacit\u00e0 ma abbastanza piccola per dare a ogni progetto il tempo e [&hellip;]<\/p>\n","protected":false},"author":2,"featured_media":0,"parent":0,"menu_order":0,"comment_status":"closed","ping_status":"closed","template":"page-cover","meta":{"_acf_changed":false,"_seopress_robots_primary_cat":"","_seopress_titles_title":"Chi siamo - VRD | We Unleash Business Innovation","_seopress_titles_desc":"VRD \u00e8 una societ\u00e0 di consulenza esperta nello sviluppo di progetti di Strategic and Design innovation. Poche persone con alto livello di professionalit\u00e0 che lavorano con aziende di tutto il mondo in un rapporto di stretta partnership.","_seopress_robots_index":"","footnotes":""},"class_list":["post-1126","page","type-page","status-publish","hentry"],"acf":[],"_links":{"self":[{"href":"https:\/\/vrdresearch.com\/it\/wp-json\/wp\/v2\/pages\/1126","targetHints":{"allow":["GET"]}}],"collection":[{"href":"https:\/\/vrdresearch.com\/it\/wp-json\/wp\/v2\/pages"}],"about":[{"href":"https:\/\/vrdresearch.com\/it\/wp-json\/wp\/v2\/types\/page"}],"author":[{"embeddable":true,"href":"https:\/\/vrdresearch.com\/it\/wp-json\/wp\/v2\/users\/2"}],"replies":[{"embeddable":true,"href":"https:\/\/vrdresearch.com\/it\/wp-json\/wp\/v2\/comments?post=1126"}],"version-history":[{"count":16,"href":"https:\/\/vrdresearch.com\/it\/wp-json\/wp\/v2\/pages\/1126\/revisions"}],"predecessor-version":[{"id":2030,"href":"https:\/\/vrdresearch.com\/it\/wp-json\/wp\/v2\/pages\/1126\/revisions\/2030"}],"wp:attachment":[{"href":"https:\/\/vrdresearch.com\/it\/wp-json\/wp\/v2\/media?parent=1126"}],"curies":[{"name":"wp","href":"https:\/\/api.w.org\/{rel}","templated":true}]}}